{"id":76,"date":"2019-03-22T22:19:04","date_gmt":"2019-03-22T21:19:04","guid":{"rendered":"http:\/\/uslamoura.fr\/?page_id=76"},"modified":"2021-12-08T13:20:10","modified_gmt":"2021-12-08T12:20:10","slug":"histoire","status":"publish","type":"page","link":"https:\/\/uslamoura.fr\/index.php\/histoire\/","title":{"rendered":"Histoire"},"content":{"rendered":"\n<p>L&rsquo;union sportive de Lamoura est le plus ancien club du comit\u00e9 du Jura. Il fut cr\u00e9\u00e9 en 1909 par Fernand Michalet, alors instituteur \u00e0 Lamoura. D\u00e8s le d\u00e9but, des concours de ski furent organis\u00e9s, au cours desquels les jeunes de la r\u00e9gion rivalisaient d&rsquo;agilit\u00e9 et d&rsquo;endurance.<\/p>\n\n\n\n<h3 class=\"wp-block-heading\"><strong>De 1911 \u00e0 1969,\u00a0 bon nombre de lamourantins ont \u00e9t\u00e9 m\u00e9daill\u00e9s:<\/strong><\/h3>\n\n\n\n<ul class=\"wp-block-list\"><li><strong>Z\u00e9non GAUTHIER\u00a0:<\/strong>\u00a0c\u2019est un des pionniers du ski de fond dans le Haut Jura, vainqueur du 5<sup>\u00e8me<\/sup>\u00a0concours international de fond du Lorian en f\u00e9vrier 1911<\/li><li><strong>Marcel<\/strong>\u00a0<strong>FORESTIER MARECHAL<\/strong>\u00a0deuxi\u00e8me au concours international de 1913, deuxi\u00e8me en grand fond au concours international de 1921.<\/li><li><strong>Albert SECRETANT<\/strong>\u00a0: de nombreuses places d\u2019honneur dans les ann\u00e9es trente.<\/li><li><strong>Robert GINDRE<\/strong>\u00a0: une grande figure du ski de fond fran\u00e7ais avec treize titres de champion de France.<\/li><li><strong>Marcel GINDRE\u00a0:<\/strong>\u00a0s\u00e9lectionn\u00e9 pour les J.O. de Saint Moritz en 1928.<\/li><li><strong>Georges FORESTIER<\/strong>\u00a0: l\u2019un des fondateurs de l\u2019\u00e9cole de ski de Lamoura avec\u00a0<strong>Ren\u00e9 et Guy<\/strong>\u00a0<strong>MANDRILLON<\/strong>, s\u00e9lectionn\u00e9 aux J.O. de Saint Moritz en 1948, licenci\u00e9 aux Skieurs Rousselands apr\u00e8s la guerre, il remporta plusieurs victoires (Coupe Montefiore en 1950 et fut champion de France de relais en 1949-50-51), il participe aux Mondiaux de ski nordique de Lake Placid en 1950<strong>.<\/strong><\/li><li><strong>Jean DELACROIX\u00a0:<\/strong>\u00a0champion de France FSGT en slalom, descente et combin\u00e9 en 1937, en descente en 1938 et en slalom et descente en 1945.<\/li><li><strong>Maurice GINDRE\u00a0:<\/strong>\u00a0champion de France en fond<\/li><li><strong>Roger GRUET-MASSON\u00a0:<\/strong>\u00a0membre de l\u2019\u00e9quipe de France, vainqueur de la Coupe Montefiore en 1947.<\/li><li><strong>Xavier GRUET-MASSON<\/strong>\u00a0: il fit parti de la d\u00e9l\u00e9gation fran\u00e7aise qui, \u00e0 l\u2019invitation des Sokols de Prague, participa \u00e0 des comp\u00e9titions internationales dans le massif des Tartras, \u00e0 Tatranski Pohar. Faisaient partie de cette d\u00e9l\u00e9gation\u00a0:\u00a0<strong>Gervais GINDRE, Andr\u00e9 GRANCLEMENT<\/strong>\u00a0de la Pesse,\u00a0<strong>Alex LACROIX<\/strong>\u00a0de Bois d\u2019Amont, le descendeur\u00a0<strong>Guy de HUERTAS<\/strong>, les \u00ab\u00a0fondeuses\u00a0\u00bb\u00a0<strong>Angirany et d\u2019Hespel<\/strong>. A propos de cette m\u00e9morable exp\u00e9dition en neige tch\u00e9coslovaquie, rappelons que nos \u00ab\u00a0fondeurs\u00a0\u00bb jurassiens furent re\u00e7us \u00e0 Prague, par le pr\u00e9sident GOTTWALD, le tout puissant dictateur communiste au pays des Sokols.<\/li><li><strong>Serge LEGRAND<\/strong>\u00a0: champion de France au relais 4 x 10 km en 1964.<\/li><li><strong>Aime GRUET-MASSON\u00a0:<\/strong>\u00a0champion de France de ski de fond au relais en 1969, entraineur national de l\u2019\u00e9quipe de France de biathlon, plusieurs fois champion de France de biathlon.<\/li><li><strong>Ren\u00e9 MANDRILLON\u00a0:<\/strong>\u00a0Champion de France de ski de fond individuel et par \u00e9quipes en 1950-52-53-55-56-57-58\u00a0; 1960-61, vainqueur de la Coupe Kurikkala en 1952 et 4\u00b0 par \u00e9quipes aux JO d\u2019Oslo, entraineur de l\u2019\u00e9quipe de France de 1961 a 1968.<\/li><li><strong>Yves MANDRILLON<\/strong>\u00a0: champion de France de ski de fond en relais en 1968 et en 1969.<\/li><li><strong>Gervais GINDRE<\/strong>\u00a0: membre de l\u2019\u00e9quipe de France. Plusieurs fois s\u00e9lectionn\u00e9 pour les championnats du monde et pour les JO d\u2019Oslo en 1952.<\/li><\/ul>\n\n\n\n<h3 class=\"wp-block-heading\"><strong>De 1970 \u00e0 nos jours, les lamourantines et lamourantins continuent \u00e0 marquer l&rsquo;histoire du sport:<\/strong><\/h3>\n\n\n\n<ul class=\"wp-block-list\"><li><strong>Muriel MANDRILLON<\/strong>: championne de France junior slalom sp\u00e9cial et championne de France senior slalom sp\u00e9cial<\/li><li><strong>Nicolas GINDRE<\/strong>: champion du Jura cadet en 1976, champion de Franche-Comt\u00e9 ASSU 1977 cadet, champion du Jura junior en 1978, champion de France biathlon en 1979, champion de France relais 1980<\/li><li><strong>Fran\u00e7oise GINDRE<\/strong>: championne du Jura 1978, championne de France ASSU 1978, championne de France junior 5km 1979, 10\u00e8me au championnat du monde universitaire, championne de France 8km 1980, vice-championne de France des 10 et 20 km 1983, championne de France des 20km en 1984<\/li><li><strong>Laurence VOLTA<\/strong>: championne du Jura minime en slalom g\u00e9ant 1978, championne du Jura minime en sp\u00e9cial et g\u00e9ant 1979, 3\u00e8me de la coupe de France de descente<\/li><li><strong>Roger CHEVASSUS<\/strong>: champion d&rsquo;Europe du combin\u00e9 fond-slalom des moniteurs 1981<\/li><li><strong>Aline MANDRILLON<\/strong>: 4 ans en \u00e9quipe de France ski alpin, m\u00e9daille de bronze championnat du monde junior, plusieurs s\u00e9lections en coupe du monde<\/li><li><strong>Laurent MANDRILLON<\/strong>: double champion du monde 1993\/1994 de triathlon militaire sous les couleurs de l&rsquo;ENHM<\/li><li><strong>Laurence GINDRE<\/strong>: double championne de France du relais avec le Jura, s\u00e9lectionn\u00e9e en Coupe du Monde, deux fois deuxi\u00e8me \u00e0 la Trans-jurassienne, deuxi\u00e8me au classement g\u00e9n\u00e9ral Wordloppet, trois fois vainqueur de la Travers\u00e9e du Massacre,\u00a0championne de France du 30\u00a0km, plusieurs victoires aux challenges des moniteurs en coupe du monde, vainqueur d&rsquo;une coupe d&rsquo;Europe de descente, 6\u00e8me et 10\u00e8me en coupe du Monde<\/li><li><strong>Catherine GINDRE<\/strong>: s\u00e9lectionn\u00e9e en \u00e9quipe de France junior, championne du Jura, vainqueur du Marathon de Pr\u00e9novel, 5\u00e8me \u00e0 la Trans-jurassienne en 1997<\/li><li><strong>Yann CARREZ<\/strong>: vainqueur coupe du Jura ski de fond 2010\/2011, second en 2009<\/li><li><strong>Laura GRENIER-SOLIGET<\/strong>: coupe du monde de t\u00e9l\u00e9mark en 2008 (11eme du sprint, 13eme en classique), 2\u00e8me \u00e0 la coupe du monde de 2010<\/li><li><strong>Ren\u00e9e GRENARD<\/strong>:\u00a0Premi\u00e8re dame du Trail des 7 monts 2012,\u00a01\u00e8re Rubat\u00e9e blanche 2010,Transjutrail, 1\u00e8re Ultra Trail en Terres du Jura 2011, Rubat\u00e9e verte, 2\u00e8me \u00e0 l&rsquo;envol\u00e9e nordique de 2004 en mixte avec Eric<\/li><li><strong>Maxime GRENARD<\/strong>: envol\u00e9e nordique<\/li><li><strong>Christian GINTER<\/strong>: 25 participations au marathon des sables<\/li><li><strong>S\u00e9bastien GINTER<\/strong>: 1 participation au marathon des sables<\/li><li><strong>Anthony GINTER<\/strong>: 4 participations au marathon des sables<\/li><li><strong>Fran\u00e7ois GONON<\/strong>: champion du monde course d&rsquo;orientation 2011 et\u00a0 plusieurs podiums mondiaux\u00a0;\u00a0 localement, vainqueur de la derni\u00e8re \u00e9dition de l\u2019Enjamb\u00e9e des 7 monts<\/li><li><strong>Ferr\u00e9ol CANNARD<\/strong>: biathl\u00e8te, m\u00e9daille de bronze aux JO de Turin en 2006, championnat du monde de 2004.<\/li><li><strong>Jany LESEUR<\/strong>: 1er Rubat\u00e9e blanche 2010, 1er Rubat\u00e9e verte 2011.<\/li><li><strong>Fran\u00e7ois DAUVERGNE<\/strong>: qualifi\u00e9 aux championnats du monde de triathlon\u00a0 demi ironman en 2011 et ironman en 2012 (natation\u00a0:3,8km + v\u00e9lo\u00a0:180km+ course\u00a0: 42,195km ).<\/li><li><strong>Gr\u00e9gory BAILLY<\/strong>: 2\u00b0 de la coupe du Jura de ski de fond 2011-2012.<\/li><li><strong>Lo\u00efc BROUET<\/strong>: champion de France en ski-alpinisme dans la cat\u00e9gorie cadet, en vertical race (mont\u00e9e s\u00e8che) et en sprint le 12 janvier 2014.<\/li><li><strong>Elie NABOT\u00a0:<\/strong>\u00a0apr\u00e8s avoir particip\u00e9 a diff\u00e9rentes courses en T\u00e9l\u00e9mark, \u00e0 termin\u00e9 2<sup>\u00e8me<\/sup>\u00a0lors des Championnat de France qui se sont d\u00e9roul\u00e9 aux Houches le 4 et 5 avril 2014, Elie a \u00e9t\u00e9 s\u00e9lectionn\u00e9 en Equipe de France pour la saison 2014 &#8211;\u00a0\u00a02015.<\/li><\/ul>\n\n\n\n<h3 class=\"wp-block-heading\"><strong>Les Pr\u00e9sidents\u00a0:<\/strong>\u00a0<\/h3>\n\n\n\n<p>Fernand MICHALET de 1909 \u00e0 1924<br>L\u00e9on DAVID de 1924 \u00e0 1925<br> R\u00e9my DELACROIX de 1945 \u00e0 1953<br> Marcel GRUET de 1953 \u00e0 1959<br>Ren\u00e9 MANDRILLON de 1959 \u00e0 1970<br> Jean SECRETANT de 1970 \u00e0 1972<br>Claude LEGRAND de 1972 \u00e0 1978<br> Laurent VOLTA de 1978 \u00e0 1981<br> Andr\u00e9 LEGRAND de 1981 \u00e0 1984&amp;<br> Jean Louis GAUTHIER de 1984 \u00e0 1989<br> Laurent VOLTA de 1989 \u00e0 1993<br> Jean Claude DALLOZ de 1993 \u00e0 2001<br> Franck GILARD de 2001 \u00e0 2004<br> Gilbert CARREZ de 2004 \u00e0 2005.<\/p>\n\n\n\n<h3 class=\"wp-block-heading\"><strong>Co-Pr\u00e9sidents<\/strong>\u00a0: <\/h3>\n\n\n\n<p>Patrick BONJOUR, Jean Louis GAUTHIER et Philippe VERMEILLET de 2005 \u00e0 2008&nbsp;<br> Jean Louis GATHIER et Philippe VERMEILLET de 2008 \u00e0 2014.<\/p>\n","protected":false},"excerpt":{"rendered":"<p>L&rsquo;union sportive de Lamoura est le plus ancien club du comit\u00e9 du Jura. Il fut cr\u00e9\u00e9 en 1909 par Fernand Michalet, alors instituteur \u00e0 Lamoura. D\u00e8s le d\u00e9but, des concours de ski furent organis\u00e9s, au cours desquels les jeunes de la r\u00e9gion rivalisaient d&rsquo;agilit\u00e9 et d&rsquo;endurance. De 1911 \u00e0 1969,\u00a0 bon nombre de lamourantins ont&hellip;<\/p>\n","protected":false},"author":1,"featured_media":0,"parent":0,"menu_order":0,"comment_status":"closed","ping_status":"closed","template":"","meta":{"footnotes":""},"class_list":["post-76","page","type-page","status-publish","hentry"],"_links":{"self":[{"href":"https:\/\/uslamoura.fr\/index.php\/wp-json\/wp\/v2\/pages\/76","targetHints":{"allow":["GET"]}}],"collection":[{"href":"https:\/\/uslamoura.fr\/index.php\/wp-json\/wp\/v2\/pages"}],"about":[{"href":"https:\/\/uslamoura.fr\/index.php\/wp-json\/wp\/v2\/types\/page"}],"author":[{"embeddable":true,"href":"https:\/\/uslamoura.fr\/index.php\/wp-json\/wp\/v2\/users\/1"}],"replies":[{"embeddable":true,"href":"https:\/\/uslamoura.fr\/index.php\/wp-json\/wp\/v2\/comments?post=76"}],"version-history":[{"count":8,"href":"https:\/\/uslamoura.fr\/index.php\/wp-json\/wp\/v2\/pages\/76\/revisions"}],"predecessor-version":[{"id":243,"href":"https:\/\/uslamoura.fr\/index.php\/wp-json\/wp\/v2\/pages\/76\/revisions\/243"}],"wp:attachment":[{"href":"https:\/\/uslamoura.fr\/index.php\/wp-json\/wp\/v2\/media?parent=76"}],"curies":[{"name":"wp","href":"https:\/\/api.w.org\/{rel}","templated":true}]}}