{"id":74,"date":"2019-03-22T22:19:04","date_gmt":"2019-03-22T21:19:04","guid":{"rendered":"http:\/\/uslamoura.fr\/?page_id=74"},"modified":"2021-12-08T12:59:04","modified_gmt":"2021-12-08T11:59:04","slug":"administration","status":"publish","type":"page","link":"https:\/\/uslamoura.fr\/index.php\/administration\/","title":{"rendered":"Conseil d&rsquo;administration"},"content":{"rendered":"\n<p><strong>Pr\u00e9sident<\/strong> :  <\/p>\n\n\n\n<ul class=\"wp-block-list\"><li>Jean Louis GAUTHIER<\/li><\/ul>\n\n\n\n<p><strong>Tr\u00e9sorier <\/strong>:&nbsp;<\/p>\n\n\n\n<ul class=\"wp-block-list\"><li>Didier GABRY             <\/li><\/ul>\n\n\n\n<p><strong>Secr\u00e9taire :<\/strong><\/p>\n\n\n\n<ul class=\"wp-block-list\"><li>Lydie DALLOZ     <\/li><\/ul>\n\n\n\n<p><strong>Membres :<\/strong><\/p>\n\n\n\n<ul class=\"wp-block-list\"><li>Isabelle BEURTON <\/li><li>Catherine BONNEFOY<\/li><li>Johan GAUTHIER<\/li><li>Jo\u00ebl GRENIER SOLIGET<\/li><li> Thomas LUREL <\/li><li>Fran\u00e7ois PERRIER<\/li><\/ul>\n\n\n\n<p><strong>Entra\u00eeneurs :<\/strong><\/p>\n\n\n\n<ul class=\"wp-block-list\"><li>Jean Louis GAUTHIER <\/li><li>Johan GAUTHIER<\/li><\/ul>\n\n\n\n<p> &nbsp;&nbsp;&nbsp;&nbsp;&nbsp;&nbsp;&nbsp;&nbsp;&nbsp;&nbsp;&nbsp;&nbsp;&nbsp;&nbsp;&nbsp;&nbsp;&nbsp;&nbsp;&nbsp;&nbsp;&nbsp;&nbsp;&nbsp;&nbsp;&nbsp;&nbsp;&nbsp;&nbsp;&nbsp;&nbsp;&nbsp;&nbsp;           <\/p>\n","protected":false},"excerpt":{"rendered":"<p>Pr\u00e9sident : Jean Louis GAUTHIER Tr\u00e9sorier :&nbsp; Didier GABRY Secr\u00e9taire : Lydie DALLOZ Membres : Isabelle BEURTON Catherine BONNEFOY Johan GAUTHIER Jo\u00ebl GRENIER SOLIGET Thomas LUREL Fran\u00e7ois PERRIER Entra\u00eeneurs : Jean Louis GAUTHIER Johan GAUTHIER &nbsp;&nbsp;&nbsp;&nbsp;&nbsp;&nbsp;&nbsp;&nbsp;&nbsp;&nbsp;&nbsp;&nbsp;&nbsp;&nbsp;&nbsp;&nbsp;&nbsp;&nbsp;&nbsp;&nbsp;&nbsp;&nbsp;&nbsp;&nbsp;&nbsp;&nbsp;&nbsp;&nbsp;&nbsp;&nbsp;&nbsp;&nbsp;<\/p>\n","protected":false},"author":1,"featured_media":0,"parent":0,"menu_order":0,"comment_status":"closed","ping_status":"closed","template":"","meta":{"footnotes":""},"class_list":["post-74","page","type-page","status-publish","hentry"],"_links":{"self":[{"href":"https:\/\/uslamoura.fr\/index.php\/wp-json\/wp\/v2\/pages\/74","targetHints":{"allow":["GET"]}}],"collection":[{"href":"https:\/\/uslamoura.fr\/index.php\/wp-json\/wp\/v2\/pages"}],"about":[{"href":"https:\/\/uslamoura.fr\/index.php\/wp-json\/wp\/v2\/types\/page"}],"author":[{"embeddable":true,"href":"https:\/\/uslamoura.fr\/index.php\/wp-json\/wp\/v2\/users\/1"}],"replies":[{"embeddable":true,"href":"https:\/\/uslamoura.fr\/index.php\/wp-json\/wp\/v2\/comments?post=74"}],"version-history":[{"count":12,"href":"https:\/\/uslamoura.fr\/index.php\/wp-json\/wp\/v2\/pages\/74\/revisions"}],"predecessor-version":[{"id":236,"href":"https:\/\/uslamoura.fr\/index.php\/wp-json\/wp\/v2\/pages\/74\/revisions\/236"}],"wp:attachment":[{"href":"https:\/\/uslamoura.fr\/index.php\/wp-json\/wp\/v2\/media?parent=74"}],"curies":[{"name":"wp","href":"https:\/\/api.w.org\/{rel}","templated":true}]}}