{"id":35,"date":"2019-03-22T13:19:13","date_gmt":"2019-03-22T12:19:13","guid":{"rendered":"http:\/\/uslamoura.fr\/?page_id=35"},"modified":"2021-12-08T13:01:28","modified_gmt":"2021-12-08T12:01:28","slug":"le-club","status":"publish","type":"page","link":"https:\/\/uslamoura.fr\/index.php\/le-club\/","title":{"rendered":"Le club"},"content":{"rendered":"\n<p> L&rsquo;association, dite \u00ab\u00a0L&rsquo;union sportive de Lamoura\u00a0\u00bb, a \u00e9t\u00e9 fond\u00e9e en 1909. C&rsquo;est le premier club du Massif Jurassien a voir \u00e9t\u00e9 cr\u00e9e. Il porte le N\u00b0 07 001 \u00e0 la FFS. <\/p>\n\n\n\n<p> Son si\u00e8ge est a Lamoura : Mairie de Lamoura.<\/p>\n\n\n\n<p> Cette association a but non lucratif a \u00e9t\u00e9 enregistr\u00e9e \u00e0 la pr\u00e9fecture de Lons Le Saunier le 1er d\u00e9cembre 1920, sous le num\u00e9ro 110. <\/p>\n\n\n\n<p> Publi\u00e9 au journal officiel, le 20 d\u00e9cembre 1920.<\/p>\n\n\n\n<p> Cette association a pour but la pratique de l&rsquo;\u00e9ducation physique et du ski.<\/p>\n\n\n\n<p> Lamoura , Piste de la Serra Nord a \u00e9t\u00e9 homologu\u00e9e FISS Slalom et G\u00e9ant en 2014.<\/p>\n\n\n\n<p> Un chalet de chronom\u00e9trage offert par les chalets Marillier&nbsp; y a \u00e9t\u00e9 construit en d\u00e9cembre 2013 par les membres de l&rsquo;US Lamoura.<\/p>\n","protected":false},"excerpt":{"rendered":"<p>L&rsquo;association, dite \u00ab\u00a0L&rsquo;union sportive de Lamoura\u00a0\u00bb, a \u00e9t\u00e9 fond\u00e9e en 1909. C&rsquo;est le premier club du Massif Jurassien a voir \u00e9t\u00e9 cr\u00e9e. Il porte le N\u00b0 07 001 \u00e0 la FFS. Son si\u00e8ge est a Lamoura : Mairie de Lamoura. Cette association a but non lucratif a \u00e9t\u00e9 enregistr\u00e9e \u00e0 la pr\u00e9fecture de Lons Le&hellip;<\/p>\n","protected":false},"author":2,"featured_media":0,"parent":0,"menu_order":0,"comment_status":"closed","ping_status":"closed","template":"","meta":{"footnotes":""},"class_list":["post-35","page","type-page","status-publish","hentry"],"_links":{"self":[{"href":"https:\/\/uslamoura.fr\/index.php\/wp-json\/wp\/v2\/pages\/35","targetHints":{"allow":["GET"]}}],"collection":[{"href":"https:\/\/uslamoura.fr\/index.php\/wp-json\/wp\/v2\/pages"}],"about":[{"href":"https:\/\/uslamoura.fr\/index.php\/wp-json\/wp\/v2\/types\/page"}],"author":[{"embeddable":true,"href":"https:\/\/uslamoura.fr\/index.php\/wp-json\/wp\/v2\/users\/2"}],"replies":[{"embeddable":true,"href":"https:\/\/uslamoura.fr\/index.php\/wp-json\/wp\/v2\/comments?post=35"}],"version-history":[{"count":2,"href":"https:\/\/uslamoura.fr\/index.php\/wp-json\/wp\/v2\/pages\/35\/revisions"}],"predecessor-version":[{"id":237,"href":"https:\/\/uslamoura.fr\/index.php\/wp-json\/wp\/v2\/pages\/35\/revisions\/237"}],"wp:attachment":[{"href":"https:\/\/uslamoura.fr\/index.php\/wp-json\/wp\/v2\/media?parent=35"}],"curies":[{"name":"wp","href":"https:\/\/api.w.org\/{rel}","templated":true}]}}